{"id":447,"date":"2017-05-16T20:10:25","date_gmt":"2017-05-16T20:10:25","guid":{"rendered":"http:\/\/marochinariesaba.ro\/?post_type=product&#038;p=447"},"modified":"2017-05-16T20:13:55","modified_gmt":"2017-05-16T20:13:55","slug":"aparator-maner-negru-30mm","status":"publish","type":"product","link":"https:\/\/marochinariesaba.ro\/index.php\/produs\/aparator-maner-negru-30mm\/","title":{"rendered":"Ap\u0103r\u0103tor m\u00e2ner negru 30mm"},"content":{"rendered":"<p>Ap\u0103r\u0103tor m\u00e2ner negru din cauciuc<br \/>\nDimensiune 150x43mm pentru m\u00e2ner sau ching\u0103 de 30mm<\/p>\n","protected":false},"excerpt":{"rendered":"<p>Ap\u0103r\u0103tor m\u00e2ner negru din cauciuc Dimensiune 150x43mm pentru m\u00e2ner sau ching\u0103 de 30mm<\/p>\n","protected":false},"featured_media":433,"comment_status":"closed","ping_status":"closed","template":"","meta":[],"_links":{"self":[{"href":"https:\/\/marochinariesaba.ro\/index.php\/wp-json\/wp\/v2\/product\/447"}],"collection":[{"href":"https:\/\/marochinariesaba.ro\/index.php\/wp-json\/wp\/v2\/product"}],"about":[{"href":"https:\/\/marochinariesaba.ro\/index.php\/wp-json\/wp\/v2\/types\/product"}],"replies":[{"embeddable":true,"href":"https:\/\/marochinariesaba.ro\/index.php\/wp-json\/wp\/v2\/comments?post=447"}],"wp:featuredmedia":[{"embeddable":true,"href":"https:\/\/marochinariesaba.ro\/index.php\/wp-json\/wp\/v2\/media\/433"}],"wp:attachment":[{"href":"https:\/\/marochinariesaba.ro\/index.php\/wp-json\/wp\/v2\/media?parent=447"}],"curies":[{"name":"wp","href":"https:\/\/api.w.org\/{rel}","templated":true}]}}