{"id":420,"date":"2017-01-15T16:45:44","date_gmt":"2017-01-15T16:45:44","guid":{"rendered":"http:\/\/marochinariesaba.ro\/?post_type=product&#038;p=420"},"modified":"2017-01-15T16:45:44","modified_gmt":"2017-01-15T16:45:44","slug":"catarama-cu-punte-30mm-nichel","status":"publish","type":"product","link":"https:\/\/marochinariesaba.ro\/index.php\/produs\/catarama-cu-punte-30mm-nichel\/","title":{"rendered":"Cataram\u0103 cu punte &#8211; 30mm Nichel"},"content":{"rendered":"<p>Cataram\u0103 cu punte &#8211; 30mm, nichelat\u0103<\/p>\n","protected":false},"excerpt":{"rendered":"<p>Cataram\u0103 cu punte &#8211; 30mm, nichelat\u0103<\/p>\n","protected":false},"featured_media":390,"comment_status":"closed","ping_status":"closed","template":"","meta":[],"_links":{"self":[{"href":"https:\/\/marochinariesaba.ro\/index.php\/wp-json\/wp\/v2\/product\/420"}],"collection":[{"href":"https:\/\/marochinariesaba.ro\/index.php\/wp-json\/wp\/v2\/product"}],"about":[{"href":"https:\/\/marochinariesaba.ro\/index.php\/wp-json\/wp\/v2\/types\/product"}],"replies":[{"embeddable":true,"href":"https:\/\/marochinariesaba.ro\/index.php\/wp-json\/wp\/v2\/comments?post=420"}],"wp:featuredmedia":[{"embeddable":true,"href":"https:\/\/marochinariesaba.ro\/index.php\/wp-json\/wp\/v2\/media\/390"}],"wp:attachment":[{"href":"https:\/\/marochinariesaba.ro\/index.php\/wp-json\/wp\/v2\/media?parent=420"}],"curies":[{"name":"wp","href":"https:\/\/api.w.org\/{rel}","templated":true}]}}