{"id":416,"date":"2017-01-15T16:40:02","date_gmt":"2017-01-15T16:40:02","guid":{"rendered":"http:\/\/marochinariesaba.ro\/?post_type=product&#038;p=416"},"modified":"2017-01-15T16:40:02","modified_gmt":"2017-01-15T16:40:02","slug":"inchizator-bratara-anticat","status":"publish","type":"product","link":"https:\/\/marochinariesaba.ro\/index.php\/produs\/inchizator-bratara-anticat\/","title":{"rendered":"\u00cenchiz\u0103tor br\u0103\u021bar\u0103 anticat"},"content":{"rendered":"<p>\u00cenchiz\u0103tor br\u0103\u021bar\u0103 anticat din aliaj, de culoarea bronzului,  cu diametru de 11mm.<\/p>\n","protected":false},"excerpt":{"rendered":"<p>\u00cenchiz\u0103tor br\u0103\u021bar\u0103 anticat din aliaj, de culoarea bronzului, cu diametru de 11mm.<\/p>\n","protected":false},"featured_media":395,"comment_status":"closed","ping_status":"closed","template":"","meta":[],"_links":{"self":[{"href":"https:\/\/marochinariesaba.ro\/index.php\/wp-json\/wp\/v2\/product\/416"}],"collection":[{"href":"https:\/\/marochinariesaba.ro\/index.php\/wp-json\/wp\/v2\/product"}],"about":[{"href":"https:\/\/marochinariesaba.ro\/index.php\/wp-json\/wp\/v2\/types\/product"}],"replies":[{"embeddable":true,"href":"https:\/\/marochinariesaba.ro\/index.php\/wp-json\/wp\/v2\/comments?post=416"}],"wp:featuredmedia":[{"embeddable":true,"href":"https:\/\/marochinariesaba.ro\/index.php\/wp-json\/wp\/v2\/media\/395"}],"wp:attachment":[{"href":"https:\/\/marochinariesaba.ro\/index.php\/wp-json\/wp\/v2\/media?parent=416"}],"curies":[{"name":"wp","href":"https:\/\/api.w.org\/{rel}","templated":true}]}}