{"id":415,"date":"2017-01-15T16:38:39","date_gmt":"2017-01-15T16:38:39","guid":{"rendered":"http:\/\/marochinariesaba.ro\/?post_type=product&#038;p=415"},"modified":"2017-01-15T16:38:39","modified_gmt":"2017-01-15T16:38:39","slug":"flex-frame-inchizator-tic-tuc","status":"publish","type":"product","link":"https:\/\/marochinariesaba.ro\/index.php\/produs\/flex-frame-inchizator-tic-tuc\/","title":{"rendered":"Flex frame \u00eenchiz\u0103tor tic-tuc"},"content":{"rendered":"<p>\u00cenchiz\u0103tor tic-tuc 80x14mm pentru diverse articole de marochin\u0103rie.<br \/>\n\u00cen galeria foto a acestui produs g\u0103si\u021bi un exemplu practic \u00een care acest flex frame se poate folosi. <\/p>\n","protected":false},"excerpt":{"rendered":"<p>\u00cenchiz\u0103tor tic-tuc 80x14mm pentru diverse articole de marochin\u0103rie. \u00cen galeria foto a acestui produs g\u0103si\u021bi un exemplu practic \u00een care acest flex frame se poate folosi.<\/p>\n","protected":false},"featured_media":394,"comment_status":"closed","ping_status":"closed","template":"","meta":[],"_links":{"self":[{"href":"https:\/\/marochinariesaba.ro\/index.php\/wp-json\/wp\/v2\/product\/415"}],"collection":[{"href":"https:\/\/marochinariesaba.ro\/index.php\/wp-json\/wp\/v2\/product"}],"about":[{"href":"https:\/\/marochinariesaba.ro\/index.php\/wp-json\/wp\/v2\/types\/product"}],"replies":[{"embeddable":true,"href":"https:\/\/marochinariesaba.ro\/index.php\/wp-json\/wp\/v2\/comments?post=415"}],"wp:featuredmedia":[{"embeddable":true,"href":"https:\/\/marochinariesaba.ro\/index.php\/wp-json\/wp\/v2\/media\/394"}],"wp:attachment":[{"href":"https:\/\/marochinariesaba.ro\/index.php\/wp-json\/wp\/v2\/media?parent=415"}],"curies":[{"name":"wp","href":"https:\/\/api.w.org\/{rel}","templated":true}]}}