{"id":403,"date":"2017-01-15T16:03:24","date_gmt":"2017-01-15T16:03:24","guid":{"rendered":"http:\/\/marochinariesaba.ro\/?post_type=product&#038;p=403"},"modified":"2017-01-15T16:21:45","modified_gmt":"2017-01-15T16:21:45","slug":"carabiniera-caine-13-mm-cromat","status":"publish","type":"product","link":"https:\/\/marochinariesaba.ro\/index.php\/produs\/carabiniera-caine-13-mm-cromat\/","title":{"rendered":"Carabinier\u0103 c\u00e2ine &#8211; 13 mm cromat\u0103"},"content":{"rendered":"<p>Carabinier\u0103 pentru c\u00e2ine, mic\u0103, cromat\u0103, cu lungime de 61 mm, l\u0103\u021bime interioar\u0103 13 mm.<\/p>\n","protected":false},"excerpt":{"rendered":"<p>Carabinier\u0103 pentru c\u00e2ine, mic\u0103, cromat\u0103, cu lungime de 61 mm, l\u0103\u021bime interioar\u0103 13 mm.<\/p>\n","protected":false},"featured_media":384,"comment_status":"closed","ping_status":"closed","template":"","meta":[],"_links":{"self":[{"href":"https:\/\/marochinariesaba.ro\/index.php\/wp-json\/wp\/v2\/product\/403"}],"collection":[{"href":"https:\/\/marochinariesaba.ro\/index.php\/wp-json\/wp\/v2\/product"}],"about":[{"href":"https:\/\/marochinariesaba.ro\/index.php\/wp-json\/wp\/v2\/types\/product"}],"replies":[{"embeddable":true,"href":"https:\/\/marochinariesaba.ro\/index.php\/wp-json\/wp\/v2\/comments?post=403"}],"wp:featuredmedia":[{"embeddable":true,"href":"https:\/\/marochinariesaba.ro\/index.php\/wp-json\/wp\/v2\/media\/384"}],"wp:attachment":[{"href":"https:\/\/marochinariesaba.ro\/index.php\/wp-json\/wp\/v2\/media?parent=403"}],"curies":[{"name":"wp","href":"https:\/\/api.w.org\/{rel}","templated":true}]}}