{"id":179,"date":"2016-01-30T17:01:21","date_gmt":"2016-01-30T17:01:21","guid":{"rendered":"http:\/\/marochinariesaba.ro\/?post_type=product&#038;p=179"},"modified":"2025-03-20T14:58:54","modified_gmt":"2025-03-20T14:58:54","slug":"catarama-incaltaminte-30mm-satin","status":"publish","type":"product","link":"https:\/\/marochinariesaba.ro\/index.php\/produs\/catarama-incaltaminte-30mm-satin\/","title":{"rendered":"Cataram\u0103 \u00eenc\u0103l\u0163\u0103minte 30mm satin"},"content":{"rendered":"","protected":false},"excerpt":{"rendered":"","protected":false},"featured_media":164,"comment_status":"open","ping_status":"closed","template":"","meta":[],"_links":{"self":[{"href":"https:\/\/marochinariesaba.ro\/index.php\/wp-json\/wp\/v2\/product\/179"}],"collection":[{"href":"https:\/\/marochinariesaba.ro\/index.php\/wp-json\/wp\/v2\/product"}],"about":[{"href":"https:\/\/marochinariesaba.ro\/index.php\/wp-json\/wp\/v2\/types\/product"}],"replies":[{"embeddable":true,"href":"https:\/\/marochinariesaba.ro\/index.php\/wp-json\/wp\/v2\/comments?post=179"}],"wp:featuredmedia":[{"embeddable":true,"href":"https:\/\/marochinariesaba.ro\/index.php\/wp-json\/wp\/v2\/media\/164"}],"wp:attachment":[{"href":"https:\/\/marochinariesaba.ro\/index.php\/wp-json\/wp\/v2\/media?parent=179"}],"curies":[{"name":"wp","href":"https:\/\/api.w.org\/{rel}","templated":true}]}}