{"id":176,"date":"2016-01-30T16:49:09","date_gmt":"2016-01-30T16:49:09","guid":{"rendered":"http:\/\/marochinariesaba.ro\/?post_type=product&#038;p=176"},"modified":"2016-12-18T11:07:47","modified_gmt":"2016-12-18T11:07:47","slug":"catarama-incaltaminte-25mm-nichel","status":"publish","type":"product","link":"https:\/\/marochinariesaba.ro\/index.php\/produs\/catarama-incaltaminte-25mm-nichel\/","title":{"rendered":"Cataram\u0103 \u00eenc\u0103l\u0163\u0103minte 25mm nichel"},"content":{"rendered":"","protected":false},"excerpt":{"rendered":"","protected":false},"featured_media":161,"comment_status":"open","ping_status":"closed","template":"","meta":[],"_links":{"self":[{"href":"https:\/\/marochinariesaba.ro\/index.php\/wp-json\/wp\/v2\/product\/176"}],"collection":[{"href":"https:\/\/marochinariesaba.ro\/index.php\/wp-json\/wp\/v2\/product"}],"about":[{"href":"https:\/\/marochinariesaba.ro\/index.php\/wp-json\/wp\/v2\/types\/product"}],"replies":[{"embeddable":true,"href":"https:\/\/marochinariesaba.ro\/index.php\/wp-json\/wp\/v2\/comments?post=176"}],"wp:featuredmedia":[{"embeddable":true,"href":"https:\/\/marochinariesaba.ro\/index.php\/wp-json\/wp\/v2\/media\/161"}],"wp:attachment":[{"href":"https:\/\/marochinariesaba.ro\/index.php\/wp-json\/wp\/v2\/media?parent=176"}],"curies":[{"name":"wp","href":"https:\/\/api.w.org\/{rel}","templated":true}]}}