{"id":178,"date":"2016-01-30T16:59:04","date_gmt":"2016-01-30T16:59:04","guid":{"rendered":"http:\/\/marochinariesaba.ro\/?post_type=product&#038;p=178"},"modified":"2026-04-07T19:18:49","modified_gmt":"2026-04-07T19:18:49","slug":"catarama-incaltaminte-30mm-nichel","status":"publish","type":"product","link":"http:\/\/marochinariesaba.ro\/index.php\/produs\/catarama-incaltaminte-30mm-nichel\/","title":{"rendered":"Cataram\u0103 \u00eenc\u0103l\u0163\u0103minte 30mm nichel"},"content":{"rendered":"","protected":false},"excerpt":{"rendered":"","protected":false},"featured_media":163,"comment_status":"open","ping_status":"closed","template":"","meta":[],"_links":{"self":[{"href":"http:\/\/marochinariesaba.ro\/index.php\/wp-json\/wp\/v2\/product\/178"}],"collection":[{"href":"http:\/\/marochinariesaba.ro\/index.php\/wp-json\/wp\/v2\/product"}],"about":[{"href":"http:\/\/marochinariesaba.ro\/index.php\/wp-json\/wp\/v2\/types\/product"}],"replies":[{"embeddable":true,"href":"http:\/\/marochinariesaba.ro\/index.php\/wp-json\/wp\/v2\/comments?post=178"}],"wp:featuredmedia":[{"embeddable":true,"href":"http:\/\/marochinariesaba.ro\/index.php\/wp-json\/wp\/v2\/media\/163"}],"wp:attachment":[{"href":"http:\/\/marochinariesaba.ro\/index.php\/wp-json\/wp\/v2\/media?parent=178"}],"curies":[{"name":"wp","href":"https:\/\/api.w.org\/{rel}","templated":true}]}}