{"id":242,"date":"2016-02-06T14:18:51","date_gmt":"2016-02-06T14:18:51","guid":{"rendered":"http:\/\/marochinariesaba.ro\/?page_id=242"},"modified":"2019-08-08T07:13:07","modified_gmt":"2019-08-08T07:13:07","slug":"plati","status":"publish","type":"page","link":"http:\/\/marochinariesaba.ro\/index.php\/utile\/plati\/","title":{"rendered":"Pl\u0103\u021bi"},"content":{"rendered":"<p>Plata se efectueaz\u0103 exclusiv\u00a0\u00een sistem ramburs.<\/p>\n<p>La valoarea produselor comandate se va ad\u0103uga costul de transport \u0219i taxa de ramburs.<\/p>\n<p>Aceast\u0103 modalitate de plat\u0103 implic\u0103 achitarea produselor cu numerar la primirea produselor livrate de c\u0103tre firma de curierat.<\/p>\n","protected":false},"excerpt":{"rendered":"<p>Plata se efectueaz\u0103 exclusiv\u00a0\u00een sistem ramburs. La valoarea produselor comandate se va ad\u0103uga costul de transport \u0219i taxa de ramburs. Aceast\u0103 modalitate de plat\u0103 implic\u0103 achitarea produselor cu numerar la primirea produselor livrate de c\u0103tre firma de curierat.<\/p>\n","protected":false},"author":1,"featured_media":0,"parent":2,"menu_order":0,"comment_status":"closed","ping_status":"closed","template":"","meta":[],"_links":{"self":[{"href":"http:\/\/marochinariesaba.ro\/index.php\/wp-json\/wp\/v2\/pages\/242"}],"collection":[{"href":"http:\/\/marochinariesaba.ro\/index.php\/wp-json\/wp\/v2\/pages"}],"about":[{"href":"http:\/\/marochinariesaba.ro\/index.php\/wp-json\/wp\/v2\/types\/page"}],"author":[{"embeddable":true,"href":"http:\/\/marochinariesaba.ro\/index.php\/wp-json\/wp\/v2\/users\/1"}],"replies":[{"embeddable":true,"href":"http:\/\/marochinariesaba.ro\/index.php\/wp-json\/wp\/v2\/comments?post=242"}],"version-history":[{"count":4,"href":"http:\/\/marochinariesaba.ro\/index.php\/wp-json\/wp\/v2\/pages\/242\/revisions"}],"predecessor-version":[{"id":2298,"href":"http:\/\/marochinariesaba.ro\/index.php\/wp-json\/wp\/v2\/pages\/242\/revisions\/2298"}],"up":[{"embeddable":true,"href":"http:\/\/marochinariesaba.ro\/index.php\/wp-json\/wp\/v2\/pages\/2"}],"wp:attachment":[{"href":"http:\/\/marochinariesaba.ro\/index.php\/wp-json\/wp\/v2\/media?parent=242"}],"curies":[{"name":"wp","href":"https:\/\/api.w.org\/{rel}","templated":true}]}}